{"id":166,"date":"2021-03-24T15:36:32","date_gmt":"2021-03-24T13:36:32","guid":{"rendered":"http:\/\/guia-practicum-dificultats-aprenentatge-test.recursos.uoc.edu\/guia-estudiantes\/?page_id=166"},"modified":"2021-03-31T09:59:25","modified_gmt":"2021-03-31T07:59:25","slug":"4-4-avaluacio","status":"publish","type":"page","link":"http:\/\/guia-practicum-dificultats-aprenentatge-test.recursos.uoc.edu\/guia-estudiantes\/4-4-avaluacio\/","title":{"rendered":"4.4. Avaluaci\u00f3"},"content":{"rendered":"<p>En el context del Pr\u00e0cticum, l&#8217;avaluaci\u00f3 cont\u00ednua (avaluaci\u00f3 formativa) esdev\u00e9 l&#8217;\u00fanic sistema d&#8217;avaluaci\u00f3. \u00c9s una condici\u00f3 indispensable que l&#8217;estudiant hagi fet una feina regular i progressiva. Tamb\u00e9 \u00e9s necessari que aquesta feina s&#8217;hagi vinculat d&#8217;una manera adequada amb les activitats presencials. Per superar l&#8217;assignatura, l&#8217;estudiant ha de fer i aprovar totes les activitats d&#8217;avaluaci\u00f3 cont\u00ednua (EC). Un susp\u00e8s en l&#8217;avaluaci\u00f3 cont\u00ednua significa un susp\u00e8s en la qualificaci\u00f3 final, ja que no es preveu examen final i, per tant, l&#8217;estudiant no superar\u00e0 l&#8217;assignatura.<\/p>\n<p>L&#8217;avaluaci\u00f3 final de l&#8217;assignatura tamb\u00e9 t\u00e9 en compte la valoraci\u00f3 que emeti el tutor o la tutora del centre de pr\u00e0ctiques (vegeu l&#8217;<a href=\"\/wp-content\/uploads\/sites\/3\/2021\/03\/Annex4-1.pdf\" target=\"_blank\" rel=\"noopener\">annex 4<\/a> de la guia), de manera que \u00e9s necess\u00e0ria una valoraci\u00f3 positiva per part de la tutoria de centre per poder superar l&#8217;assignatura. Si la valoraci\u00f3 per part de la persona tutora \u00e9s molt alta, es tindr\u00e0 en compte per arrodonir a l&#8217;al\u00e7a la nota final. Si, per contra, \u00e9s negativa, l&#8217;estudiant no podr\u00e0 superar l&#8217;assignatura.<\/p>\n<p>Per tant, la qualificaci\u00f3 final de l&#8217;assignatura s&#8217;obt\u00e9 a partir del seg\u00fcent:<\/p>\n<ul>\n<li>La valoraci\u00f3 del docent col\u00b7laborador de la UOC.<\/li>\n<li>La valoraci\u00f3 del tutor o la tutora del centre (<a href=\"\/wp-content\/uploads\/sites\/3\/2021\/03\/Annex4-1.pdf\" target=\"_blank\" rel=\"noopener\">annex 4<\/a>).<\/li>\n<\/ul>\n<p>Aix\u00ed mateix, per avaluar l&#8217;assignatura \u00e9s una condici\u00f3 indispensable disposar del certificat de les pr\u00e0ctiques em\u00e8s pel centre de pr\u00e0ctiques, mitjan\u00e7ant el qual se certifiquen les <strong>hores de presencialitat<\/strong> de l&#8217;estudiant al centre (vegeu l&#8217;<a href=\"\/wp-content\/uploads\/sites\/3\/2021\/03\/Annex5-1.pdf\" target=\"_blank\" rel=\"noopener\">annex 5<\/a>).<\/p>\n","protected":false},"excerpt":{"rendered":"<p>En el context del Pr\u00e0cticum, l&#8217;avaluaci\u00f3 cont\u00ednua (avaluaci\u00f3 formativa) esdev\u00e9 l&#8217;\u00fanic sistema d&#8217;avaluaci\u00f3. \u00c9s una condici\u00f3 indispensable que l&#8217;estudiant hagi fet una feina regular i progressiva. Tamb\u00e9 \u00e9s necessari que aquesta feina s&#8217;hagi vinculat d&#8217;una manera adequada amb les activitats presencials. Per superar l&#8217;assignatura, l&#8217;estudiant ha de fer i aprovar totes les activitats d&#8217;avaluaci\u00f3 cont\u00ednua [&hellip;]<\/p>\n","protected":false},"author":1,"featured_media":0,"parent":0,"menu_order":0,"comment_status":"closed","ping_status":"closed","template":"","meta":[],"_links":{"self":[{"href":"http:\/\/guia-practicum-dificultats-aprenentatge-test.recursos.uoc.edu\/guia-estudiantes\/wp-json\/wp\/v2\/pages\/166"}],"collection":[{"href":"http:\/\/guia-practicum-dificultats-aprenentatge-test.recursos.uoc.edu\/guia-estudiantes\/wp-json\/wp\/v2\/pages"}],"about":[{"href":"http:\/\/guia-practicum-dificultats-aprenentatge-test.recursos.uoc.edu\/guia-estudiantes\/wp-json\/wp\/v2\/types\/page"}],"author":[{"embeddable":true,"href":"http:\/\/guia-practicum-dificultats-aprenentatge-test.recursos.uoc.edu\/guia-estudiantes\/wp-json\/wp\/v2\/users\/1"}],"replies":[{"embeddable":true,"href":"http:\/\/guia-practicum-dificultats-aprenentatge-test.recursos.uoc.edu\/guia-estudiantes\/wp-json\/wp\/v2\/comments?post=166"}],"version-history":[{"count":3,"href":"http:\/\/guia-practicum-dificultats-aprenentatge-test.recursos.uoc.edu\/guia-estudiantes\/wp-json\/wp\/v2\/pages\/166\/revisions"}],"predecessor-version":[{"id":297,"href":"http:\/\/guia-practicum-dificultats-aprenentatge-test.recursos.uoc.edu\/guia-estudiantes\/wp-json\/wp\/v2\/pages\/166\/revisions\/297"}],"wp:attachment":[{"href":"http:\/\/guia-practicum-dificultats-aprenentatge-test.recursos.uoc.edu\/guia-estudiantes\/wp-json\/wp\/v2\/media?parent=166"}],"curies":[{"name":"wp","href":"https:\/\/api.w.org\/{rel}","templated":true}]}}