{"id":160,"date":"2021-03-24T15:33:16","date_gmt":"2021-03-24T13:33:16","guid":{"rendered":"http:\/\/guia-practicum-dificultats-aprenentatge-test.recursos.uoc.edu\/guia-estudiantes\/?page_id=160"},"modified":"2021-03-24T15:33:16","modified_gmt":"2021-03-24T13:33:16","slug":"4-1-3-funcions-del-docent-collaborador-de-la-uoc","status":"publish","type":"page","link":"http:\/\/guia-practicum-dificultats-aprenentatge-test.recursos.uoc.edu\/guia-estudiantes\/4-1-3-funcions-del-docent-collaborador-de-la-uoc\/","title":{"rendered":"4.1.3. Funcions del docent col\u00b7laborador de la UOC"},"content":{"rendered":"<p>El professorat col\u00b7laborador \u00e9s la figura docent amb la qual l&#8217;estudiant t\u00e9 un contacte continu al llarg de tot el per\u00edode de pr\u00e0ctiques a trav\u00e9s de l&#8217;aula virtual de la UOC. Ser\u00e0 qui acompanyar\u00e0 i guiar\u00e0 l&#8217;estudiant al llarg del proc\u00e9s d&#8217;aprenentatge i de l&#8217;elaboraci\u00f3 de les activitats corresponents.<\/p>\n<p>Concretament, es preveu que el professorat col\u00b7laborador desenvolupi les tasques seg\u00fcents:<\/p>\n<ul>\n<li>Ajudar l&#8217;estudiant a relacionar i aplicar els continguts te\u00f2rics i pr\u00e0ctics adquirits en les diferents assignatures del m\u00e0ster en la pr\u00e0ctica professional.<\/li>\n<li>Delimitar, amb l&#8217;estudiant, el tema d&#8217;estudi a desenvolupar durant el seu Pr\u00e0cticum.<\/li>\n<li>Vetllar pel bon desenvolupament de les pr\u00e0ctiques de l&#8217;estudiant, contactant de manera regular amb el tutor o tutora del centre.<\/li>\n<li>Proporcionar arguments que ajudin a veure les diferents perspectives des de les quals \u00e9s possible definir la proposta d&#8217;intervenci\u00f3 de l&#8217;estudiant.<\/li>\n<li>Orientar en la cerca de documents, materials i refer\u00e8ncies relacionats amb el tema que s&#8217;estudia o en el qual s&#8217;interv\u00e9.<\/li>\n<li>Seguir el ritme de treball de l&#8217;estudiant i adaptar-se a les necessitats que vagin apareixent en les diferents fases.<\/li>\n<li>Resoldre els dubtes que vagin sorgint i reorientar la feina quan es produeixi alguna dificultat.<\/li>\n<li>Avaluar l&#8217;estudiant, a partir de la correcci\u00f3 de les pr\u00e0ctiques d&#8217;avaluaci\u00f3 cont\u00ednua (PAC) i de l&#8217;informe final, de la supervisi\u00f3 de la din\u00e0mica de l&#8217;aula, de la informaci\u00f3 que facilita el tutor o tutora de centre i de qualsevol altra evid\u00e8ncia rellevant per a l&#8217;avaluaci\u00f3 de la consecuci\u00f3 dels objectius i el desenvolupament de les compet\u00e8ncies.<\/li>\n<\/ul>\n<p>El docent col\u00b7laborador \u00e9s, per tant, qui duu a terme un seguiment individual de la concreci\u00f3, el desenvolupament i l&#8217;avaluaci\u00f3 de les activitats que l&#8217;estudiant realitza, tant a l&#8217;aula virtual com al centre.<\/p>\n","protected":false},"excerpt":{"rendered":"<p>El professorat col\u00b7laborador \u00e9s la figura docent amb la qual l&#8217;estudiant t\u00e9 un contacte continu al llarg de tot el per\u00edode de pr\u00e0ctiques a trav\u00e9s de l&#8217;aula virtual de la UOC. Ser\u00e0 qui acompanyar\u00e0 i guiar\u00e0 l&#8217;estudiant al llarg del proc\u00e9s d&#8217;aprenentatge i de l&#8217;elaboraci\u00f3 de les activitats corresponents. Concretament, es preveu que el professorat [&hellip;]<\/p>\n","protected":false},"author":1,"featured_media":0,"parent":0,"menu_order":0,"comment_status":"closed","ping_status":"closed","template":"","meta":[],"_links":{"self":[{"href":"http:\/\/guia-practicum-dificultats-aprenentatge-test.recursos.uoc.edu\/guia-estudiantes\/wp-json\/wp\/v2\/pages\/160"}],"collection":[{"href":"http:\/\/guia-practicum-dificultats-aprenentatge-test.recursos.uoc.edu\/guia-estudiantes\/wp-json\/wp\/v2\/pages"}],"about":[{"href":"http:\/\/guia-practicum-dificultats-aprenentatge-test.recursos.uoc.edu\/guia-estudiantes\/wp-json\/wp\/v2\/types\/page"}],"author":[{"embeddable":true,"href":"http:\/\/guia-practicum-dificultats-aprenentatge-test.recursos.uoc.edu\/guia-estudiantes\/wp-json\/wp\/v2\/users\/1"}],"replies":[{"embeddable":true,"href":"http:\/\/guia-practicum-dificultats-aprenentatge-test.recursos.uoc.edu\/guia-estudiantes\/wp-json\/wp\/v2\/comments?post=160"}],"version-history":[{"count":1,"href":"http:\/\/guia-practicum-dificultats-aprenentatge-test.recursos.uoc.edu\/guia-estudiantes\/wp-json\/wp\/v2\/pages\/160\/revisions"}],"predecessor-version":[{"id":161,"href":"http:\/\/guia-practicum-dificultats-aprenentatge-test.recursos.uoc.edu\/guia-estudiantes\/wp-json\/wp\/v2\/pages\/160\/revisions\/161"}],"wp:attachment":[{"href":"http:\/\/guia-practicum-dificultats-aprenentatge-test.recursos.uoc.edu\/guia-estudiantes\/wp-json\/wp\/v2\/media?parent=160"}],"curies":[{"name":"wp","href":"https:\/\/api.w.org\/{rel}","templated":true}]}}