{"id":156,"date":"2021-03-24T15:31:07","date_gmt":"2021-03-24T13:31:07","guid":{"rendered":"http:\/\/guia-practicum-dificultats-aprenentatge-test.recursos.uoc.edu\/guia-estudiantes\/?page_id=156"},"modified":"2021-03-30T10:32:37","modified_gmt":"2021-03-30T08:32:37","slug":"4-1-1-introduccio","status":"publish","type":"page","link":"http:\/\/guia-practicum-dificultats-aprenentatge-test.recursos.uoc.edu\/guia-estudiantes\/4-1-1-introduccio\/","title":{"rendered":"4.1.1. Introducci\u00f3"},"content":{"rendered":"<p>Aquesta assignatura, per la seva naturalesa especial, disposa d&#8217;un equip docent amb unes funcions i uns rols espec\u00edficament dissenyats per oferir a l&#8217;estudiant el seguiment i el suport necessari al llarg de tot el proc\u00e9s educatiu.<\/p>\n<p>A continuaci\u00f3, s&#8217;exposa una explicaci\u00f3 breu de les figures docents que conformen l&#8217;equip del Pr\u00e0cticum, aix\u00ed com de les funcions i els rols que exerceixen:<\/p>\n<ul>\n<li><strong>Tutors del m\u00e0ster<\/strong>: el tutor o la tutora del programa assessora l&#8217;estudiant sobre el moment en el qual \u00e9s recomanable cursar el Pr\u00e0cticum en el desenvolupament del seu itinerari formatiu. Aix\u00ed mateix, t\u00e9 un paper important durant el proc\u00e9s de selecci\u00f3, validaci\u00f3 i adjudicaci\u00f3 dels centres de pr\u00e0ctiques, i pot oferir consell espec\u00edfic als estudiants en aquest sentit.<\/li>\n<li><strong>Professorat col\u00b7laborador del Pr\u00e0cticum<\/strong>: \u00e9s la figura docent amb la qual l&#8217;estudiant t\u00e9 contacte continu i directe durant tot el per\u00edode de pr\u00e0ctiques mitjan\u00e7ant l&#8217;aula virtual de la UOC. El professorat col\u00b7laborador coordina, dinamitza i avalua el treball que l&#8217;estudiant ha de realitzar al llarg de l&#8217;assignatura. Aix\u00ed mateix, secunda a escala individual i de grup, i mant\u00e9 un contacte personalitzat amb els estudiants i els tutors o tutores del centre de pr\u00e0ctiques, amb l&#8217;objectiu de garantir la coher\u00e8ncia i la complementarietat entre l&#8217;activitat que l&#8217;estudiant desenvolupa al centre de manera presencial i la que desenvolupa a l&#8217;aula virtual.<\/li>\n<li><strong>Professorat responsable del Pr\u00e0cticum<\/strong>: el professorat responsable del Pr\u00e0cticum t\u00e9 com a funci\u00f3 principal el disseny pedag\u00f2gic de les pr\u00e0ctiques amb l&#8217;objectiu d&#8217;afavorir el desenvolupament i l&#8217;avaluaci\u00f3 de les compet\u00e8ncies dels estudiants pr\u00f2pies del perfil professional entorn del qual s&#8217;articula el m\u00e0ster. Aix\u00ed mateix, coordina tant l&#8217;assignatura com la Comissi\u00f3 del Pr\u00e0cticum, que \u00e9s la responsable de gestionar les relacions que s&#8217;estableixen entre els tres agents principals del Pr\u00e0cticum \u2013l&#8217;estudiant, el docent col\u00b7laborador de la UOC i la persona tutora del centre de pr\u00e0ctiques\u2013 i de vetllar per la qualitat de les estades en els centres des d&#8217;un punt de vista estrictament educatiu, i sempre orientat a la consecuci\u00f3 dels objectius previstos en el m\u00e0ster. El professor responsable tamb\u00e9 \u00e9s qui valora la idone\u00eftat de les sol\u00b7licituds d&#8217;estades de pr\u00e0ctiques que presenten els estudiants, d&#8217;acord amb els criteris pr\u00e8viament estipulats.<\/li>\n<li><strong>Tutor o tutora del centre de pr\u00e0ctiques<\/strong>: \u00e9s la persona de refer\u00e8ncia de l&#8217;estudiant al centre de pr\u00e0ctiques. Acull l&#8217;estudiant i l&#8217;orienta pel que fa al context espec\u00edfic del centre, el col\u00b7lectiu i les din\u00e0miques i activitats que ha de realitzar durant la seva estada al centre. En el pr\u00f2xim punt s&#8217;exposen detalladament el perfil que ha de tenir el tutor de centre i les funcions que se li atribueixen.<\/li>\n<\/ul>\n<p>La comunicaci\u00f3 entre els diferents agents que intervenen en la coordinaci\u00f3 i el desenvolupament del Pr\u00e0cticum \u00e9s fonamental per dur a terme un proc\u00e9s d&#8217;assignaci\u00f3, acolliment, planificaci\u00f3, seguiment i avaluaci\u00f3 correctes de les pr\u00e0ctiques de l&#8217;estudiant.<\/p>\n<p>En els punts seg\u00fcents s&#8217;exposen de manera m\u00e9s detallada les funcions que han d&#8217;exercir tant la persona tutora del centre com el docent col\u00b7laborador de la UOC.<\/p>\n","protected":false},"excerpt":{"rendered":"<p>Aquesta assignatura, per la seva naturalesa especial, disposa d&#8217;un equip docent amb unes funcions i uns rols espec\u00edficament dissenyats per oferir a l&#8217;estudiant el seguiment i el suport necessari al llarg de tot el proc\u00e9s educatiu. A continuaci\u00f3, s&#8217;exposa una explicaci\u00f3 breu de les figures docents que conformen l&#8217;equip del Pr\u00e0cticum, aix\u00ed com de les [&hellip;]<\/p>\n","protected":false},"author":1,"featured_media":0,"parent":0,"menu_order":0,"comment_status":"closed","ping_status":"closed","template":"","meta":[],"_links":{"self":[{"href":"http:\/\/guia-practicum-dificultats-aprenentatge-test.recursos.uoc.edu\/guia-estudiantes\/wp-json\/wp\/v2\/pages\/156"}],"collection":[{"href":"http:\/\/guia-practicum-dificultats-aprenentatge-test.recursos.uoc.edu\/guia-estudiantes\/wp-json\/wp\/v2\/pages"}],"about":[{"href":"http:\/\/guia-practicum-dificultats-aprenentatge-test.recursos.uoc.edu\/guia-estudiantes\/wp-json\/wp\/v2\/types\/page"}],"author":[{"embeddable":true,"href":"http:\/\/guia-practicum-dificultats-aprenentatge-test.recursos.uoc.edu\/guia-estudiantes\/wp-json\/wp\/v2\/users\/1"}],"replies":[{"embeddable":true,"href":"http:\/\/guia-practicum-dificultats-aprenentatge-test.recursos.uoc.edu\/guia-estudiantes\/wp-json\/wp\/v2\/comments?post=156"}],"version-history":[{"count":2,"href":"http:\/\/guia-practicum-dificultats-aprenentatge-test.recursos.uoc.edu\/guia-estudiantes\/wp-json\/wp\/v2\/pages\/156\/revisions"}],"predecessor-version":[{"id":232,"href":"http:\/\/guia-practicum-dificultats-aprenentatge-test.recursos.uoc.edu\/guia-estudiantes\/wp-json\/wp\/v2\/pages\/156\/revisions\/232"}],"wp:attachment":[{"href":"http:\/\/guia-practicum-dificultats-aprenentatge-test.recursos.uoc.edu\/guia-estudiantes\/wp-json\/wp\/v2\/media?parent=156"}],"curies":[{"name":"wp","href":"https:\/\/api.w.org\/{rel}","templated":true}]}}