{"id":154,"date":"2021-03-24T15:29:24","date_gmt":"2021-03-24T13:29:24","guid":{"rendered":"http:\/\/guia-practicum-dificultats-aprenentatge-test.recursos.uoc.edu\/guia-estudiantes\/?page_id=154"},"modified":"2021-03-31T09:57:24","modified_gmt":"2021-03-31T07:57:24","slug":"3-4-reconeixement-del-practicum-per-lexperiencia-professional-raep","status":"publish","type":"page","link":"http:\/\/guia-practicum-dificultats-aprenentatge-test.recursos.uoc.edu\/guia-estudiantes\/3-4-reconeixement-del-practicum-per-lexperiencia-professional-raep\/","title":{"rendered":"3.4. Reconeixement del Pr\u00e0cticum per l&#8217;experi\u00e8ncia professional (RAEP)"},"content":{"rendered":"<p>La Llei org\u00e0nica 4\/2007, de 12 d&#8217;abril, per la qual es modifica la Llei org\u00e0nica 6\/2001, de 21 de desembre, d&#8217;Universitats, obre la porta al reconeixement de l&#8217;experi\u00e8ncia laboral o professional a efectes acad\u00e8mics.<\/p>\n<p>El programa del m\u00e0ster de Dificultats de l&#8217;Aprenentatge i Trastorns del Llenguatge preveu el reconeixement de l&#8217;aprenentatge adquirit per l&#8217;experi\u00e8ncia pr\u00e8via (RAEP) en l&#8217;assignatura de Pr\u00e0cticum i, per tant, el reconeixement de les pr\u00e0ctiques en aquelles situacions en les quals l&#8217;estudiant pugui acreditar una determinada experi\u00e8ncia professional.<\/p>\n<p>En l&#8217;<a href=\"\/wp-content\/uploads\/sites\/3\/2021\/03\/Annex3a-1.pdf\" target=\"_blank\" rel=\"noopener\">annex 3a<\/a> i l&#8217;<a href=\"\/wp-content\/uploads\/sites\/3\/2021\/03\/Annex3b-1.pdf\" target=\"_blank\" rel=\"noopener\">annex 3b<\/a> d&#8217;aquesta guia trobareu les condicions i el procediment per sol\u00b7licitar el RAEP.<\/p>\n","protected":false},"excerpt":{"rendered":"<p>La Llei org\u00e0nica 4\/2007, de 12 d&#8217;abril, per la qual es modifica la Llei org\u00e0nica 6\/2001, de 21 de desembre, d&#8217;Universitats, obre la porta al reconeixement de l&#8217;experi\u00e8ncia laboral o professional a efectes acad\u00e8mics. El programa del m\u00e0ster de Dificultats de l&#8217;Aprenentatge i Trastorns del Llenguatge preveu el reconeixement de l&#8217;aprenentatge adquirit per l&#8217;experi\u00e8ncia pr\u00e8via [&hellip;]<\/p>\n","protected":false},"author":1,"featured_media":0,"parent":0,"menu_order":0,"comment_status":"closed","ping_status":"closed","template":"","meta":[],"_links":{"self":[{"href":"http:\/\/guia-practicum-dificultats-aprenentatge-test.recursos.uoc.edu\/guia-estudiantes\/wp-json\/wp\/v2\/pages\/154"}],"collection":[{"href":"http:\/\/guia-practicum-dificultats-aprenentatge-test.recursos.uoc.edu\/guia-estudiantes\/wp-json\/wp\/v2\/pages"}],"about":[{"href":"http:\/\/guia-practicum-dificultats-aprenentatge-test.recursos.uoc.edu\/guia-estudiantes\/wp-json\/wp\/v2\/types\/page"}],"author":[{"embeddable":true,"href":"http:\/\/guia-practicum-dificultats-aprenentatge-test.recursos.uoc.edu\/guia-estudiantes\/wp-json\/wp\/v2\/users\/1"}],"replies":[{"embeddable":true,"href":"http:\/\/guia-practicum-dificultats-aprenentatge-test.recursos.uoc.edu\/guia-estudiantes\/wp-json\/wp\/v2\/comments?post=154"}],"version-history":[{"count":3,"href":"http:\/\/guia-practicum-dificultats-aprenentatge-test.recursos.uoc.edu\/guia-estudiantes\/wp-json\/wp\/v2\/pages\/154\/revisions"}],"predecessor-version":[{"id":295,"href":"http:\/\/guia-practicum-dificultats-aprenentatge-test.recursos.uoc.edu\/guia-estudiantes\/wp-json\/wp\/v2\/pages\/154\/revisions\/295"}],"wp:attachment":[{"href":"http:\/\/guia-practicum-dificultats-aprenentatge-test.recursos.uoc.edu\/guia-estudiantes\/wp-json\/wp\/v2\/media?parent=154"}],"curies":[{"name":"wp","href":"https:\/\/api.w.org\/{rel}","templated":true}]}}