{"id":148,"date":"2021-03-24T15:17:45","date_gmt":"2021-03-24T13:17:45","guid":{"rendered":"http:\/\/guia-practicum-dificultats-aprenentatge-test.recursos.uoc.edu\/guia-estudiantes\/?page_id=148"},"modified":"2021-03-31T09:56:08","modified_gmt":"2021-03-31T07:56:08","slug":"3-2-seleccio-del-centre-de-practiques","status":"publish","type":"page","link":"http:\/\/guia-practicum-dificultats-aprenentatge-test.recursos.uoc.edu\/guia-estudiantes\/3-2-seleccio-del-centre-de-practiques\/","title":{"rendered":"3.2. Selecci\u00f3 del centre de pr\u00e0ctiques"},"content":{"rendered":"<p><strong>Situaci\u00f3 1: Elecci\u00f3 d&#8217;un dels centres proposats per la universitat<\/strong><\/p>\n<p>Es tracta d&#8217;una oferta de places proposada des dels Estudis de Psicologia i Ci\u00e8ncies de l&#8217;Educaci\u00f3 de la UOC, dels quals dep\u00e8n el m\u00e0ster de Dificultats de l&#8217;Aprenentatge i Trastorns del Llenguatge. Cada semestre s&#8217;ofereixen places de pr\u00e0ctiques a partir dels convenis que la universitat t\u00e9 establerts amb diverses institucions col\u00b7laboradores de Catalunya i alguna altra comunitat aut\u00f2noma. La llista de tots els centres de pr\u00e0ctiques es fa p\u00fablica en l&#8217;apartat de Tr\u00e0mits\/Pr\u00e0ctiques curriculars del campus virtual. L&#8217;estudiant ha de fer la sol\u00b7licitud indicant la prefer\u00e8ncia del centre o centres on vol fer les pr\u00e0ctiques. Finalment, la Comissi\u00f3 del Pr\u00e0cticum, una vegada estudiades totes les sol\u00b7licituds, far\u00e0 l&#8217;assignaci\u00f3 de les places. En cas que el nombre de demandes per a una pla\u00e7a sigui superior a l&#8217;oferta existent, l&#8217;assignaci\u00f3 es resoldr\u00e0 prenent en consideraci\u00f3 l&#8217;expedient de l&#8217;estudiant. La resoluci\u00f3 es comunicar\u00e0 a l&#8217;estudiant per mitj\u00e0 de la seva b\u00fastia personal abans de l&#8217;inici de la matriculaci\u00f3.<\/p>\n<p><strong>Situaci\u00f3 2: Proposta del centre per part de l&#8217;estudiant<\/strong><\/p>\n<p>Aquesta opci\u00f3 pret\u00e9n aportar flexibilitat i ajustar-se a les necessitats de cada estudiant, en permetre-li buscar i proposar un centre relacionat amb l&#8217;atenci\u00f3 a les dificultats de l&#8217;aprenentatge i els trastorns del llenguatge per fer les pr\u00e0ctiques. \u00c9s important assegurar-se que es tindr\u00e0 la disponibilitat per fer les pr\u00e0ctiques al centre en l&#8217;horari que indiqui la persona tutora. Per aquest motiu, \u00e9s recomanable que s&#8217;acordi l&#8217;horari de les pr\u00e0ctiques amb el centre abans de proposar el centre a la universitat, per evitar possibles desacords una vegada iniciat el Pr\u00e0cticum.<\/p>\n<p>Es preveuen dues opcions:<\/p>\n<p><strong>1)<\/strong> Si l&#8217;estudiant vol cursar el Pr\u00e0cticum en un centre o servei educatiu p\u00fablic o concertat de Catalunya, ha d\u2019emplenar la sol\u00b7licitud proposant el nom del centre. Ha de tenir en compte que d&#8217;acord amb l&#8217;Ordre ENS\/237\/2017, del Departament d&#8217;Educaci\u00f3 de la Generalitat de Catalunya, per la qual s&#8217;estableix el procediment per a la selecci\u00f3 i acreditaci\u00f3 de centres formadors i es regula el desenvolupament de les pr\u00e0ctiques acad\u00e8miques externes en aquests centres, en el cas dels centres i serveis educatius p\u00fablics i concertats de Catalunya nom\u00e9s es podran fer pr\u00e0ctiques si estan acreditats com a centres formadors. \u00c9s possible consultar els centres formadors del Departament d&#8217;Educaci\u00f3 de la Generalitat de Catalunya al seg\u00fcent <a href=\"http:\/\/educacio.gencat.cat\/ca\/arees-actuacio\/professors\/formacio\/practiques-centres\/\" target=\"_blank\" rel=\"noopener\">enlla\u00e7<\/a>.<\/p>\n<p><strong>2)<\/strong> Si es vol cursar el Pr\u00e0cticum professionalitzador en qualsevol altra mena de centre, s&#8217;ha d\u2019emplenar la sol\u00b7licitud aportant totes les dades del centre i de la persona tutora que s&#8217;indiquen en la <em>Guia de sol\u00b7licitud del Pr\u00e0cticum<\/em>, disponible a l&#8217;apartat de Tr\u00e0mits del Campus i tamb\u00e9 a l\u2019<a href=\"\/wp-content\/uploads\/sites\/3\/2021\/03\/Annex1-1.pdf\" target=\"_blank\" rel=\"noopener\">annex 1<\/a> d\u2019aquesta guia.<\/p>\n<p>La sol\u00b7licitud, igual que en la situaci\u00f3 1, ha de fer-se des de l&#8217;espai de Tr\u00e0mits del Campus Virtual de la UOC, on es pot trobar l&#8217;enlla\u00e7 per fer la sol\u00b7licitud en els terminis que s&#8217;indiquin (durant el semestre previ al de la realitzaci\u00f3 del Pr\u00e0cticum).<\/p>\n<p>Una vegada finalitzat el termini per fer la proposta de centre, la Comissi\u00f3 del Pr\u00e0cticum valorar\u00e0 les sol\u00b7licituds, segons les prioritats de l&#8217;estudiant, i far\u00e0 la notificaci\u00f3 del resultat. Les sol\u00b7licituds que s&#8217;estimaran seran les que hagin estat registrades correctament a l&#8217;eina, dins dels terminis establerts i que continguin totes les dades que es demanen.<\/p>\n<p>L&#8217;estudiant podr\u00e0 matricular-se de l&#8217;assignatura una vegada que la Comissi\u00f3 li confirmi que disposa d&#8217;una pla\u00e7a validada. La resoluci\u00f3 es far\u00e0 arribar a la b\u00fastia personal de l&#8217;estudiant abans que comenci el per\u00edode de matriculaci\u00f3.<\/p>\n<p><strong>Pr\u00e0ctiques en el mateix centre de treball<\/strong><\/p>\n<p><strong>D<\/strong><strong>e manera excepcional, \u00e9s possible fer el Pr\u00e0cticum en la mateixa instituci\u00f3 de treball<\/strong>. En aquest cas, el centre de treball ha d&#8217;estar relacionat amb un \u00e0mbit d&#8217;atenci\u00f3 a les dificultats de l&#8217;aprenentatge i els trastorns del llenguatge i ha de disposar d&#8217;una persona tutora amb el mateix t\u00edtol que l&#8217;estudiant. Per fer la sol\u00b7licitud, l&#8217;estudiant ha de presentar al seu tutor o tutora UOC una declaraci\u00f3 responsable (disponible en l&#8217;apartat de Tr\u00e0mits del Campus) referent a l&#8217;horari de l&#8217;activitat professional i l&#8217;horari de l&#8217;activitat de Pr\u00e0cticum al centre de treball. L&#8217;estudiant ha de tenir disponibilitat hor\u00e0ria per realitzar les pr\u00e0ctiques fora de la seva jornada laboral (entre 7 i 10 hores setmanals, dins de l&#8217;horari lectiu de l&#8217;alumnat, \u00e9s a dir, fora de les hores de pati, menjador i extraescolars). El tutor o tutora de la UOC valorar\u00e0 si amb la declaraci\u00f3 responsable es compleixen els requisits i, en cas afirmatiu, donar\u00e0 el vistiplau a fi que l&#8217;estudiant faci la sol\u00b7licitud de centre <strong>(situaci\u00f3 2)<\/strong> en l&#8217;aplicaci\u00f3 corresponent.<\/p>\n<p>Posteriorment, en iniciar l&#8217;assignatura, l&#8217;estudiant haur\u00e0 de presentar al professor o professora de l&#8217;assignatura un certificat signat per la direcci\u00f3 del centre (<a href=\"\/wp-content\/uploads\/sites\/3\/2021\/03\/Annex2-1.pdf\" target=\"_blank\" rel=\"noopener\">annex 2<\/a>) en el qual es detalli quin ser\u00e0 l&#8217;horari dedicat a fer les tasques laborals i quin es dedicar\u00e0 a les pr\u00e0ctiques. A m\u00e9s de l&#8217;horari diferenciat, ha de quedar clarament reflectit en el document que les tasques i activitats fetes en l&#8217;horari de pr\u00e0ctiques s\u00f3n diferents d&#8217;aquelles que es fan normalment en el lloc de treball.<\/p>\n","protected":false},"excerpt":{"rendered":"<p>Situaci\u00f3 1: Elecci\u00f3 d&#8217;un dels centres proposats per la universitat Es tracta d&#8217;una oferta de places proposada des dels Estudis de Psicologia i Ci\u00e8ncies de l&#8217;Educaci\u00f3 de la UOC, dels quals dep\u00e8n el m\u00e0ster de Dificultats de l&#8217;Aprenentatge i Trastorns del Llenguatge. Cada semestre s&#8217;ofereixen places de pr\u00e0ctiques a partir dels convenis que la universitat [&hellip;]<\/p>\n","protected":false},"author":1,"featured_media":0,"parent":0,"menu_order":0,"comment_status":"closed","ping_status":"closed","template":"","meta":[],"_links":{"self":[{"href":"http:\/\/guia-practicum-dificultats-aprenentatge-test.recursos.uoc.edu\/guia-estudiantes\/wp-json\/wp\/v2\/pages\/148"}],"collection":[{"href":"http:\/\/guia-practicum-dificultats-aprenentatge-test.recursos.uoc.edu\/guia-estudiantes\/wp-json\/wp\/v2\/pages"}],"about":[{"href":"http:\/\/guia-practicum-dificultats-aprenentatge-test.recursos.uoc.edu\/guia-estudiantes\/wp-json\/wp\/v2\/types\/page"}],"author":[{"embeddable":true,"href":"http:\/\/guia-practicum-dificultats-aprenentatge-test.recursos.uoc.edu\/guia-estudiantes\/wp-json\/wp\/v2\/users\/1"}],"replies":[{"embeddable":true,"href":"http:\/\/guia-practicum-dificultats-aprenentatge-test.recursos.uoc.edu\/guia-estudiantes\/wp-json\/wp\/v2\/comments?post=148"}],"version-history":[{"count":4,"href":"http:\/\/guia-practicum-dificultats-aprenentatge-test.recursos.uoc.edu\/guia-estudiantes\/wp-json\/wp\/v2\/pages\/148\/revisions"}],"predecessor-version":[{"id":294,"href":"http:\/\/guia-practicum-dificultats-aprenentatge-test.recursos.uoc.edu\/guia-estudiantes\/wp-json\/wp\/v2\/pages\/148\/revisions\/294"}],"wp:attachment":[{"href":"http:\/\/guia-practicum-dificultats-aprenentatge-test.recursos.uoc.edu\/guia-estudiantes\/wp-json\/wp\/v2\/media?parent=148"}],"curies":[{"name":"wp","href":"https:\/\/api.w.org\/{rel}","templated":true}]}}