{"id":146,"date":"2021-03-24T15:12:41","date_gmt":"2021-03-24T13:12:41","guid":{"rendered":"http:\/\/guia-practicum-dificultats-aprenentatge-test.recursos.uoc.edu\/guia-estudiantes\/?page_id=146"},"modified":"2021-03-24T15:15:05","modified_gmt":"2021-03-24T13:15:05","slug":"3-1-introduccio","status":"publish","type":"page","link":"http:\/\/guia-practicum-dificultats-aprenentatge-test.recursos.uoc.edu\/guia-estudiantes\/3-1-introduccio\/","title":{"rendered":"3.1. Introducci\u00f3"},"content":{"rendered":"<p>En el m\u00e0ster de Dificultats de l&#8217;Aprenentatge i Trastorns del Llenguatge, s&#8217;estableix com a requisit general per als qui vulguin cursar el Pr\u00e0cticum professionalitzador tenir aprovats un m\u00ednim de <strong>20 cr\u00e8dits<\/strong> en el moment de formalitzar la matr\u00edcula, dels quals 15 cr\u00e8dits han de correspondre a les assignatures obligat\u00f2ries. Aquesta recomanaci\u00f3, no obstant aix\u00f2, no comporta la impossibilitat de fer el m\u00e0ster en un curs acad\u00e8mic.<\/p>\n<p>El Pr\u00e0cticum t\u00e9 algunes particularitats pel fet de ser l&#8217;\u00fanica assignatura en la qual es requereix un percentatge de temps de presencialitat en un centre. Per aquest motiu, el proc\u00e9s que ha de seguir l&#8217;estudiant abans de la matriculaci\u00f3 \u00e9s molt rigor\u00f3s i cal complir-lo respectant tots els terminis establerts, ja que no s&#8217;acceptaran sol\u00b7licituds fora de termini.<\/p>\n<p>Abans de matricular-se al Pr\u00e0cticum:<\/p>\n<ul>\n<li>En primer lloc, \u00e9s important parar esment al per\u00edode per fer la sol\u00b7licitud del centre de pr\u00e0ctiques. El tutor o la tutora de la UOC informar\u00e0 l&#8217;estudiant dels terminis, a trav\u00e9s de l&#8217;aula de tutoria. El calendari tamb\u00e9 es publica en l&#8217;espai de Tr\u00e0mits\/Pr\u00e0ctiques curriculars del Campus Virtual de la universitat.<\/li>\n<li>Una vegada establert el calendari, abans d&#8217;emplenar la sol\u00b7licitud, \u00e9s important llegir la <em>Guia de sol\u00b7licitud del Pr\u00e0cticum<\/em>, que tamb\u00e9 est\u00e0 disponible en l&#8217;espai de Tr\u00e0mits del Campus, i aclarir els possibles dubtes amb el tutor o la tutora de la UOC.<\/li>\n<li>Despr\u00e9s de comprovar que es compleixen tots els requisits establerts per cursar l&#8217;assignatura, es pot presentar la sol\u00b7licitud.<\/li>\n<li>Si la sol\u00b7licitud que es presenta \u00e9s de <strong>situaci\u00f3 1<\/strong>, les dades del centre i de la persona tutora ja estan registrats a la universitat i no cal que l&#8217;estudiant els aporti. Si el centre \u00e9s de <strong>situaci\u00f3 2<\/strong>, el responsable de la recollida de les dades del centre i de la persona tutora \u00e9s l&#8217;estudiant, amb algunes excepcions en el cas de centres educatius p\u00fablics i concertats de Catalunya.<\/li>\n<\/ul>\n","protected":false},"excerpt":{"rendered":"<p>En el m\u00e0ster de Dificultats de l&#8217;Aprenentatge i Trastorns del Llenguatge, s&#8217;estableix com a requisit general per als qui vulguin cursar el Pr\u00e0cticum professionalitzador tenir aprovats un m\u00ednim de 20 cr\u00e8dits en el moment de formalitzar la matr\u00edcula, dels quals 15 cr\u00e8dits han de correspondre a les assignatures obligat\u00f2ries. Aquesta recomanaci\u00f3, no obstant aix\u00f2, no [&hellip;]<\/p>\n","protected":false},"author":1,"featured_media":0,"parent":0,"menu_order":0,"comment_status":"closed","ping_status":"closed","template":"","meta":[],"_links":{"self":[{"href":"http:\/\/guia-practicum-dificultats-aprenentatge-test.recursos.uoc.edu\/guia-estudiantes\/wp-json\/wp\/v2\/pages\/146"}],"collection":[{"href":"http:\/\/guia-practicum-dificultats-aprenentatge-test.recursos.uoc.edu\/guia-estudiantes\/wp-json\/wp\/v2\/pages"}],"about":[{"href":"http:\/\/guia-practicum-dificultats-aprenentatge-test.recursos.uoc.edu\/guia-estudiantes\/wp-json\/wp\/v2\/types\/page"}],"author":[{"embeddable":true,"href":"http:\/\/guia-practicum-dificultats-aprenentatge-test.recursos.uoc.edu\/guia-estudiantes\/wp-json\/wp\/v2\/users\/1"}],"replies":[{"embeddable":true,"href":"http:\/\/guia-practicum-dificultats-aprenentatge-test.recursos.uoc.edu\/guia-estudiantes\/wp-json\/wp\/v2\/comments?post=146"}],"version-history":[{"count":1,"href":"http:\/\/guia-practicum-dificultats-aprenentatge-test.recursos.uoc.edu\/guia-estudiantes\/wp-json\/wp\/v2\/pages\/146\/revisions"}],"predecessor-version":[{"id":147,"href":"http:\/\/guia-practicum-dificultats-aprenentatge-test.recursos.uoc.edu\/guia-estudiantes\/wp-json\/wp\/v2\/pages\/146\/revisions\/147"}],"wp:attachment":[{"href":"http:\/\/guia-practicum-dificultats-aprenentatge-test.recursos.uoc.edu\/guia-estudiantes\/wp-json\/wp\/v2\/media?parent=146"}],"curies":[{"name":"wp","href":"https:\/\/api.w.org\/{rel}","templated":true}]}}