{"id":134,"date":"2021-03-24T14:58:53","date_gmt":"2021-03-24T12:58:53","guid":{"rendered":"http:\/\/guia-practicum-dificultats-aprenentatge-test.recursos.uoc.edu\/guia-estudiantes\/?page_id=134"},"modified":"2021-03-24T14:58:53","modified_gmt":"2021-03-24T12:58:53","slug":"1-1-competencies","status":"publish","type":"page","link":"http:\/\/guia-practicum-dificultats-aprenentatge-test.recursos.uoc.edu\/guia-estudiantes\/1-1-competencies\/","title":{"rendered":"1.1. Compet\u00e8ncies"},"content":{"rendered":"<p>El Pr\u00e0cticum professionalitzador \u00e9s un espai de desenvolupament i d&#8217;avaluaci\u00f3 de compet\u00e8ncies i, com a tal, est\u00e0 previst que es treballin les compet\u00e8ncies seg\u00fcents:<\/p>\n<p><strong>Compet\u00e8ncies b\u00e0siques:<\/strong><\/p>\n<ul>\n<li>Capacitat per aplicar els coneixements adquirits i la seva capacitat de resoluci\u00f3 de problemes en entorns nous o poc coneguts dins de contextos m\u00e9s amplis (o multidisciplinaris) relacionats amb la seva \u00e0rea d&#8217;estudi.<\/li>\n<li>Capacitat per integrar coneixements i enfrontar-se a la complexitat de formular judicis a partir d&#8217;una informaci\u00f3 que, sent incompleta o limitada, inclogui reflexions sobre les responsabilitats socials i \u00e8tiques vinculades a l&#8217;aplicaci\u00f3 dels seus coneixements i judicis.<\/li>\n<li>Capacitat per comunicar les seves conclusions \u2013i els coneixements i raons \u00faltimes que les sustenten\u2013 a p\u00fablics especialitzats i no especialitzats d&#8217;una manera clara i sense ambig\u00fcitats.<\/li>\n<\/ul>\n<p><strong>Compet\u00e8ncies generals<\/strong><\/p>\n<ul>\n<li>Capacitat per analitzar i sintetitzar textos acad\u00e8mics (llibres, cap\u00edtols de llibre i articles acad\u00e8mics) que permetin avaluar el coneixement en l&#8217;\u00e0mbit de les dificultats d&#8217;aprenentatge i els trastorns del llenguatge.<\/li>\n<li>Capacitat per aplicar els coneixements adquirits i resoldre problemes de car\u00e0cter educatiu des d&#8217;una \u00f2ptica multidisciplin\u00e0ria.<\/li>\n<li>Capacitat per prendre decisions ajustades al marc normatiu i als coneixements acad\u00e8mics i professionals respecte a la intervenci\u00f3 educativa de criatures amb dificultats d&#8217;aprenentatge i trastorns del llenguatge.<\/li>\n<\/ul>\n<p><strong>Compet\u00e8ncies espec\u00edfiques<\/strong><\/p>\n<ul>\n<li>Capacitat per seleccionar adequadament els diferents procediments i recursos dels quals disposa el sistema educatiu per a l&#8217;atenci\u00f3 de les dificultats d&#8217;aprenentatge i els trastorns del llenguatge.<\/li>\n<li>Capacitat per identificar els factors que determinen les dificultats d&#8217;aprenentatge aix\u00ed com les alteracions que se\u2019n deriven.<\/li>\n<li>Capacitat per identificar i valorar les difer\u00e8ncies individuals dels nens i les nenes que presenten dificultats d&#8217;aprenentatge prim\u00e0ries.<\/li>\n<li>Capacitat per dissenyar, desenvolupar i avaluar propostes d&#8217;intervenci\u00f3 ajustades a les necessitats educatives dels nens i les nenes amb dificultats d&#8217;aprenentatge prim\u00e0ries.<\/li>\n<li>Capacitat per identificar els factors que incideixen en l&#8217;aparici\u00f3 dels trastorns del llenguatge, aix\u00ed com les alteracions que se\u2019n deriven.<\/li>\n<li>Capacitat per identificar i valorar les difer\u00e8ncies individuals dels nens i les nenes que presenten trastorns del llenguatge primaris.<\/li>\n<li>Capacitat per dissenyar, desenvolupar i avaluar propostes d&#8217;intervenci\u00f3 ajustades a les necessitats educatives dels nens i les nenes amb trastorns del llenguatge primaris.<\/li>\n<li>Capacitat per identificar i valorar les dificultats d&#8217;aprenentatge derivades de trastorns del desenvolupament.<\/li>\n<li>Capacitat per dissenyar, desenvolupar i avaluar propostes d&#8217;intervenci\u00f3 educativa en dificultats d&#8217;aprenentatge derivades de trastorns del desenvolupament.<\/li>\n<li>Capacitat per identificar les alteracions de la comunicaci\u00f3 i el llenguatge derivades de trastorns del desenvolupament.<\/li>\n<li>Capacitat per dissenyar, desenvolupar i avaluar propostes d&#8217;intervenci\u00f3 educativa en trastorns de la comunicaci\u00f3 i del llenguatge derivades de trastorns del desenvolupament.<\/li>\n<\/ul>\n<p><strong>Compet\u00e8ncia transversal<\/strong><\/p>\n<p>De manera especial, el Pr\u00e0cticum \u00e9s l&#8217;espai on es treballar\u00e0 i avaluar\u00e0 la compet\u00e8ncia transversal de la UOC de <strong>Comprom\u00eds \u00e8tic i global amb perspectiva de g\u00e8nere<\/strong>. L&#8217;adquisici\u00f3 d&#8217;aquesta compet\u00e8ncia per part de l&#8217;alumnat implica la:<\/p>\n<ul>\n<li>Capacitat per actuar de manera honesta, \u00e8tica, sostenible, socialment responsable i respectuosa amb els drets humans i la diversitat, tant en la pr\u00e0ctica acad\u00e8mica com en la professional, i dissenyar solucions per millorar aquestes pr\u00e0ctiques.<\/li>\n<\/ul>\n","protected":false},"excerpt":{"rendered":"<p>El Pr\u00e0cticum professionalitzador \u00e9s un espai de desenvolupament i d&#8217;avaluaci\u00f3 de compet\u00e8ncies i, com a tal, est\u00e0 previst que es treballin les compet\u00e8ncies seg\u00fcents: Compet\u00e8ncies b\u00e0siques: Capacitat per aplicar els coneixements adquirits i la seva capacitat de resoluci\u00f3 de problemes en entorns nous o poc coneguts dins de contextos m\u00e9s amplis (o multidisciplinaris) relacionats amb [&hellip;]<\/p>\n","protected":false},"author":1,"featured_media":0,"parent":0,"menu_order":0,"comment_status":"closed","ping_status":"closed","template":"","meta":[],"_links":{"self":[{"href":"http:\/\/guia-practicum-dificultats-aprenentatge-test.recursos.uoc.edu\/guia-estudiantes\/wp-json\/wp\/v2\/pages\/134"}],"collection":[{"href":"http:\/\/guia-practicum-dificultats-aprenentatge-test.recursos.uoc.edu\/guia-estudiantes\/wp-json\/wp\/v2\/pages"}],"about":[{"href":"http:\/\/guia-practicum-dificultats-aprenentatge-test.recursos.uoc.edu\/guia-estudiantes\/wp-json\/wp\/v2\/types\/page"}],"author":[{"embeddable":true,"href":"http:\/\/guia-practicum-dificultats-aprenentatge-test.recursos.uoc.edu\/guia-estudiantes\/wp-json\/wp\/v2\/users\/1"}],"replies":[{"embeddable":true,"href":"http:\/\/guia-practicum-dificultats-aprenentatge-test.recursos.uoc.edu\/guia-estudiantes\/wp-json\/wp\/v2\/comments?post=134"}],"version-history":[{"count":1,"href":"http:\/\/guia-practicum-dificultats-aprenentatge-test.recursos.uoc.edu\/guia-estudiantes\/wp-json\/wp\/v2\/pages\/134\/revisions"}],"predecessor-version":[{"id":135,"href":"http:\/\/guia-practicum-dificultats-aprenentatge-test.recursos.uoc.edu\/guia-estudiantes\/wp-json\/wp\/v2\/pages\/134\/revisions\/135"}],"wp:attachment":[{"href":"http:\/\/guia-practicum-dificultats-aprenentatge-test.recursos.uoc.edu\/guia-estudiantes\/wp-json\/wp\/v2\/media?parent=134"}],"curies":[{"name":"wp","href":"https:\/\/api.w.org\/{rel}","templated":true}]}}