{"id":97,"date":"2021-03-18T12:03:05","date_gmt":"2021-03-18T10:03:05","guid":{"rendered":"http:\/\/guia-practicum-dificultats-aprenentatge-test.recursos.uoc.edu\/guia-estudiantes\/?page_id=97"},"modified":"2021-03-30T11:38:16","modified_gmt":"2021-03-30T09:38:16","slug":"referencias-bibliograficas","status":"publish","type":"page","link":"http:\/\/guia-practicum-dificultats-aprenentatge-test.recursos.uoc.edu\/guia-estudiantes\/es\/referencias-bibliograficas\/","title":{"rendered":"Referencias bibliogr\u00e1ficas"},"content":{"rendered":"<p>Dewey, J. (1989). <em>C\u00f3mo pensamos. Nueva exposici\u00f3n de la relaci\u00f3n entre pensamiento reflexivo y proceso educativo<\/em>. Barcelona. Paid\u00f3s.<\/p>\n<p>Elliott, J. (1989). <em>La investigaci\u00f3n-acci\u00f3n en educaci\u00f3n<\/em>. Madrid: Morata.<\/p>\n<p>Garc\u00eda, J. (1995). <em>Manual de dificultades de aprendizaje. Lenguaje, lecto-escritura y matem\u00e1ticas<\/em>. Madrid: Narcea.<\/p>\n<p>Garc\u00eda-Tornel, S.; Miret, P.; Cabr\u00e9, A.; Flaquer, L.; Berg-Kelly, K.; Roca, G.; Elzo, J.; Lailla, J. M. (2011). <em>El adolescente y su entorno en el s. <span class=\"roman\">XXI<\/span>. Instant\u00e1nea de una d\u00e9cada<\/em>. Esplugues de Llobregat: Hospital Sant Joan de D\u00e9u.<\/p>\n<p>Gimeno Sacrist\u00e1n, J. (1987). \u00abLas posibilidades de la investigaci\u00f3n educativa en el desarrollo del curr\u00edculum y de los profesores\u00bb. <em>Revista de Educaci\u00f3n <\/em>(n\u00fam. 284, p\u00e1gs. 245-270).<\/p>\n<p>Imbern\u00f3n, F. (1994). <em>La formaci\u00f3n y el desarrollo profesional del profesorado. Hacia una nueva cultura profesional. <\/em>Barcelona: Gra\u00f3.<\/p>\n<p>Jim\u00e9nez, J. E.; Hern\u00e1ndez-Valle, I. (1999). \u00abA Spanish perspective onlearning disabilities\u00bb. <em>Journal of Learning Disabilities <\/em>(vol. 32, p\u00e1gs. 267-275).<\/p>\n<p>Kirk, S.; Chalfant<em>, <\/em>J. (1984)<em>. Academic and Developmental Learning Disabilities<\/em>. Denver: Love.<\/p>\n<p>Kolb, D. (1984). <em>Experiential learning. Experience as the source of learning and Development<\/em>. Englewood Cliffs, NJ: Prentice Hall.<\/p>\n<p>LOE (2006). Ley Org\u00e1nica 2\/2006, de 3 de mayo, de Educaci\u00f3n (BOE de 4\u00a0 de mayo de 2006).<\/p>\n<p>LOGSE (1990). Ley Org\u00e1nica 1\/1990, de 3 de octubre, de Ordenaci\u00f3n General del Sistema Educativo (BOE de 4 de octubre de 1990).<\/p>\n<p>National Joint Committee on Learning Disabilities (1994). <em>Collective perspectives on issues affecting learning disabilities<\/em>. Austin, TX: PRO-ED.<\/p>\n<p>Padget, S. Y. (1998). \u00abLessons from Research on Dyslexia: Implications for a Classification System for Learning Disabilities\u00bb. <em>Learning Disability Quarterly <\/em>(n\u00fam. 21, p\u00e1gs. 167-178).<\/p>\n<p>P\u00e9rez G\u00f3mez (1992). \u00abLa funci\u00f3n y formaci\u00f3n del profesor\/a en la ense\u00f1anza para la comprensi\u00f3n. Diferentes perspectivas\u00bb. En: J. Gimeno; A. P\u00e9rez. <em>Comprender y transformar la ense\u00f1anza<\/em> (p\u00e1gs. 398-429). Madrid: Morata.<\/p>\n<p>S\u00e1ez, A. (1997). \u00abLa construcci\u00f3n de la Pedagog\u00eda social: algunas v\u00edas de aproximaci\u00f3n\u00bb. En: A. Petrusa (ed.). <em>Pedagog\u00eda social<\/em>. Barcelona: Ariel.<\/p>\n<p>S\u00e1ez, A. (1999). <em>De la representaci\u00f3 a la realitat. Propostes d\u2019an\u00e0lisi del discurs medi\u00e0tic. <\/em>Barcelona: D\u00e8ria editors \/ Blanquerna Comunicaci\u00f3.<\/p>\n<p>S\u00e1ez, J. (1999). \u00abModelos comunitarios. El enfoque comunitario\u00bb. En: E. J. Ortega. <em>Pedagog\u00eda social especializada<\/em>. Barcelona: Ariel.<\/p>\n<p>Sch\u00f6n, D. (1988). <em>El profesional reflexivo. C\u00f3mo piensan los profesionales cuando act\u00faan<\/em>. Barcelona: Paid\u00f3s.<\/p>\n<p>Stenhouse, L. (1987). <em>La investigaci\u00f3n como base de la ense\u00f1anza<\/em>. Madrid: Morata.<\/p>\n<p>Su\u00e1rez, A. (1995). <em>Dificultades en el aprendizaje. Un modelo de diagn\u00f3stico e intervenci\u00f3n<\/em>. Madrid: Santillana.<\/p>\n<p>Tejada, J. (2013). \u00abSignificaci\u00f3n del Pr\u00e1cticum en la adquisici\u00f3n de competencias profesionales que permiten la transferencia de conocimiento a \u00e1mbitos propios de la acci\u00f3n docente\u00bb<em>.<\/em> <em>Profesorado. Revista de curr\u00edculum y formaci\u00f3n del profesorado<\/em> (vol. 17, n\u00fam. 3, p\u00e1gs. 91-110).<\/p>\n<p>Wrong, B. L. Y. (1996). <em>The ABCs of Learning Disabilities<\/em>. San Diego: Academic Press.<\/p>\n","protected":false},"excerpt":{"rendered":"<p>Dewey, J. (1989). C\u00f3mo pensamos. Nueva exposici\u00f3n de la relaci\u00f3n entre pensamiento reflexivo y proceso educativo. Barcelona. Paid\u00f3s. Elliott, J. (1989). La investigaci\u00f3n-acci\u00f3n en educaci\u00f3n. Madrid: Morata. Garc\u00eda, J. (1995). Manual de dificultades de aprendizaje. Lenguaje, lecto-escritura y matem\u00e1ticas. Madrid: Narcea. Garc\u00eda-Tornel, S.; Miret, P.; Cabr\u00e9, A.; Flaquer, L.; Berg-Kelly, K.; Roca, G.; Elzo, J.; [&hellip;]<\/p>\n","protected":false},"author":1,"featured_media":0,"parent":0,"menu_order":0,"comment_status":"closed","ping_status":"closed","template":"","meta":[],"_links":{"self":[{"href":"http:\/\/guia-practicum-dificultats-aprenentatge-test.recursos.uoc.edu\/guia-estudiantes\/es\/wp-json\/wp\/v2\/pages\/97"}],"collection":[{"href":"http:\/\/guia-practicum-dificultats-aprenentatge-test.recursos.uoc.edu\/guia-estudiantes\/es\/wp-json\/wp\/v2\/pages"}],"about":[{"href":"http:\/\/guia-practicum-dificultats-aprenentatge-test.recursos.uoc.edu\/guia-estudiantes\/es\/wp-json\/wp\/v2\/types\/page"}],"author":[{"embeddable":true,"href":"http:\/\/guia-practicum-dificultats-aprenentatge-test.recursos.uoc.edu\/guia-estudiantes\/es\/wp-json\/wp\/v2\/users\/1"}],"replies":[{"embeddable":true,"href":"http:\/\/guia-practicum-dificultats-aprenentatge-test.recursos.uoc.edu\/guia-estudiantes\/es\/wp-json\/wp\/v2\/comments?post=97"}],"version-history":[{"count":3,"href":"http:\/\/guia-practicum-dificultats-aprenentatge-test.recursos.uoc.edu\/guia-estudiantes\/es\/wp-json\/wp\/v2\/pages\/97\/revisions"}],"predecessor-version":[{"id":234,"href":"http:\/\/guia-practicum-dificultats-aprenentatge-test.recursos.uoc.edu\/guia-estudiantes\/es\/wp-json\/wp\/v2\/pages\/97\/revisions\/234"}],"wp:attachment":[{"href":"http:\/\/guia-practicum-dificultats-aprenentatge-test.recursos.uoc.edu\/guia-estudiantes\/es\/wp-json\/wp\/v2\/media?parent=97"}],"curies":[{"name":"wp","href":"https:\/\/api.w.org\/{rel}","templated":true}]}}