{"id":89,"date":"2021-03-18T12:01:31","date_gmt":"2021-03-18T10:01:31","guid":{"rendered":"http:\/\/guia-practicum-dificultats-aprenentatge-test.recursos.uoc.edu\/guia-estudiantes\/?page_id=89"},"modified":"2021-03-31T09:39:34","modified_gmt":"2021-03-31T07:39:34","slug":"4-4-evaluacion","status":"publish","type":"page","link":"http:\/\/guia-practicum-dificultats-aprenentatge-test.recursos.uoc.edu\/guia-estudiantes\/es\/4-4-evaluacion\/","title":{"rendered":"4.4. Evaluaci\u00f3n"},"content":{"rendered":"<p>En el contexto del Pr\u00e1cticum, la evaluaci\u00f3n continua (evaluaci\u00f3n formativa) deviene el \u00fanico sistema de evaluaci\u00f3n. Es una condici\u00f3n indispensable que el estudiante haya hecho un trabajo regular y progresivo. Tambi\u00e9n es necesario que este trabajo se haya vinculado de una manera adecuada con las actividades presenciales. Para superar la asignatura, el estudiante debe realizar y aprobar todas las actividades de evaluaci\u00f3n continua (EC). Un suspenso en la evaluaci\u00f3n continua significa un suspenso en la calificaci\u00f3n final, ya que no se prev\u00e9 examen final y, por lo tanto, el estudiante no superar\u00e1 la asignatura.<\/p>\n<p>La evaluaci\u00f3n final de la asignatura tambi\u00e9n tiene en cuenta la valoraci\u00f3n que emita el tutor o la tutora del centro de pr\u00e1cticas (v\u00e9ase el <a href=\"\/wp-content\/uploads\/sites\/3\/2021\/03\/Anexo4-4.pdf\" target=\"_blank\" rel=\"noopener\">anexo 4<\/a> de la gu\u00eda), de modo que es necesaria una valoraci\u00f3n positiva por parte de la tutor\u00eda de centro para poder superar la asignatura. Si la valoraci\u00f3n por parte de la persona tutora es muy alta, se tendr\u00e1 en cuenta para redondear al alza la nota final. Si, por el contrario, es negativa, el estudiante no podr\u00e1 superar la asignatura.<\/p>\n<p>Por lo tanto, la calificaci\u00f3n final de la asignatura se obtiene a partir de lo siguiente:<\/p>\n<ul>\n<li>La valoraci\u00f3n del docente colaborador de la UOC.<\/li>\n<li>La valoraci\u00f3n del tutor o la tutora de centro (<a href=\"\/wp-content\/uploads\/sites\/3\/2021\/03\/Anexo4-4.pdf\" target=\"_blank\" rel=\"noopener\">anexo 4<\/a>).<\/li>\n<\/ul>\n<p>Asimismo, para evaluar la asignatura es una condici\u00f3n indispensable disponer del certificado de las pr\u00e1cticas emitido por el centro de pr\u00e1cticas, mediante el cual se certifican las <strong>horas de presencialidad<\/strong> del estudiante en el centro (v\u00e9ase el <a href=\"\/wp-content\/uploads\/sites\/3\/2021\/03\/Anexo5-2.pdf\" target=\"_blank\" rel=\"noopener\">anexo 5<\/a>).<\/p>\n","protected":false},"excerpt":{"rendered":"<p>En el contexto del Pr\u00e1cticum, la evaluaci\u00f3n continua (evaluaci\u00f3n formativa) deviene el \u00fanico sistema de evaluaci\u00f3n. Es una condici\u00f3n indispensable que el estudiante haya hecho un trabajo regular y progresivo. Tambi\u00e9n es necesario que este trabajo se haya vinculado de una manera adecuada con las actividades presenciales. Para superar la asignatura, el estudiante debe realizar [&hellip;]<\/p>\n","protected":false},"author":1,"featured_media":0,"parent":0,"menu_order":0,"comment_status":"closed","ping_status":"closed","template":"","meta":[],"_links":{"self":[{"href":"http:\/\/guia-practicum-dificultats-aprenentatge-test.recursos.uoc.edu\/guia-estudiantes\/es\/wp-json\/wp\/v2\/pages\/89"}],"collection":[{"href":"http:\/\/guia-practicum-dificultats-aprenentatge-test.recursos.uoc.edu\/guia-estudiantes\/es\/wp-json\/wp\/v2\/pages"}],"about":[{"href":"http:\/\/guia-practicum-dificultats-aprenentatge-test.recursos.uoc.edu\/guia-estudiantes\/es\/wp-json\/wp\/v2\/types\/page"}],"author":[{"embeddable":true,"href":"http:\/\/guia-practicum-dificultats-aprenentatge-test.recursos.uoc.edu\/guia-estudiantes\/es\/wp-json\/wp\/v2\/users\/1"}],"replies":[{"embeddable":true,"href":"http:\/\/guia-practicum-dificultats-aprenentatge-test.recursos.uoc.edu\/guia-estudiantes\/es\/wp-json\/wp\/v2\/comments?post=89"}],"version-history":[{"count":5,"href":"http:\/\/guia-practicum-dificultats-aprenentatge-test.recursos.uoc.edu\/guia-estudiantes\/es\/wp-json\/wp\/v2\/pages\/89\/revisions"}],"predecessor-version":[{"id":272,"href":"http:\/\/guia-practicum-dificultats-aprenentatge-test.recursos.uoc.edu\/guia-estudiantes\/es\/wp-json\/wp\/v2\/pages\/89\/revisions\/272"}],"wp:attachment":[{"href":"http:\/\/guia-practicum-dificultats-aprenentatge-test.recursos.uoc.edu\/guia-estudiantes\/es\/wp-json\/wp\/v2\/media?parent=89"}],"curies":[{"name":"wp","href":"https:\/\/api.w.org\/{rel}","templated":true}]}}