{"id":83,"date":"2021-03-18T11:59:07","date_gmt":"2021-03-18T09:59:07","guid":{"rendered":"http:\/\/guia-practicum-dificultats-aprenentatge-test.recursos.uoc.edu\/guia-estudiantes\/?page_id=83"},"modified":"2021-03-18T11:59:07","modified_gmt":"2021-03-18T09:59:07","slug":"4-1-3-funciones-del-docente-colaborador-de-la-uoc","status":"publish","type":"page","link":"http:\/\/guia-practicum-dificultats-aprenentatge-test.recursos.uoc.edu\/guia-estudiantes\/es\/4-1-3-funciones-del-docente-colaborador-de-la-uoc\/","title":{"rendered":"4.1.3. Funciones del docente colaborador de la UOC"},"content":{"rendered":"<p>El profesorado colaborador es la figura docente con la que el estudiante tiene un contacto continuo a lo largo de todo el periodo de pr\u00e1cticas a trav\u00e9s del aula virtual de la UOC. Ser\u00e1 quien acompa\u00f1ar\u00e1 y guiar\u00e1 al estudiante a lo largo del proceso de aprendizaje y de la elaboraci\u00f3n de las actividades correspondientes.<\/p>\n<p>Concretamente, se prev\u00e9 que el profesorado colaborador desarrolle las tareas siguientes:<\/p>\n<ul>\n<li>Ayudar al estudiante a relacionar y aplicar los contenidos te\u00f3ricos y pr\u00e1cticos adquiridos en las diferentes asignaturas del m\u00e1ster en la pr\u00e1ctica profesional.<\/li>\n<li>Delimitar, con el estudiante, el tema de estudio que desarrollar durante su Pr\u00e1cticum.<\/li>\n<li>Velar por el buen desarrollo de las pr\u00e1cticas del estudiante, contactando de modo regular con el tutor o tutora del centro.<\/li>\n<li>Proporcionar argumentos que ayuden a ver las diferentes perspectivas desde las que es posible definir la propuesta de intervenci\u00f3n del estudiante.<\/li>\n<li>Orientar en la b\u00fasqueda de documentos, materiales y referencias relacionados con el tema que se estudia o en el que se interviene.<\/li>\n<li>Seguir el ritmo de trabajo del estudiante y adaptarse a las necesidades que vayan apareciendo en las diferentes fases.<\/li>\n<li>Resolver las dudas que vayan surgiendo y reorientar el trabajo cuando se produzca alguna dificultad.<\/li>\n<li>Evaluar al estudiante, a partir de la correcci\u00f3n de las pr\u00e1cticas de evaluaci\u00f3n continua (PEC) y del informe final, de la supervisi\u00f3n de la din\u00e1mica del aula, de la informaci\u00f3n que facilita el tutor o tutora de centro y de cualquier otra evidencia relevante para la evaluaci\u00f3n de la consecuci\u00f3n de los objetivos y el desarrollo de las competencias.<\/li>\n<\/ul>\n<p>El docente colaborador es, por tanto, quien lleva a cabo un seguimiento individual de la concreci\u00f3n, el desarrollo y la evaluaci\u00f3n de las actividades que el estudiante realiza, tanto en el aula virtual como en el centro.<\/p>\n","protected":false},"excerpt":{"rendered":"<p>El profesorado colaborador es la figura docente con la que el estudiante tiene un contacto continuo a lo largo de todo el periodo de pr\u00e1cticas a trav\u00e9s del aula virtual de la UOC. Ser\u00e1 quien acompa\u00f1ar\u00e1 y guiar\u00e1 al estudiante a lo largo del proceso de aprendizaje y de la elaboraci\u00f3n de las actividades correspondientes. [&hellip;]<\/p>\n","protected":false},"author":1,"featured_media":0,"parent":0,"menu_order":0,"comment_status":"closed","ping_status":"closed","template":"","meta":[],"_links":{"self":[{"href":"http:\/\/guia-practicum-dificultats-aprenentatge-test.recursos.uoc.edu\/guia-estudiantes\/es\/wp-json\/wp\/v2\/pages\/83"}],"collection":[{"href":"http:\/\/guia-practicum-dificultats-aprenentatge-test.recursos.uoc.edu\/guia-estudiantes\/es\/wp-json\/wp\/v2\/pages"}],"about":[{"href":"http:\/\/guia-practicum-dificultats-aprenentatge-test.recursos.uoc.edu\/guia-estudiantes\/es\/wp-json\/wp\/v2\/types\/page"}],"author":[{"embeddable":true,"href":"http:\/\/guia-practicum-dificultats-aprenentatge-test.recursos.uoc.edu\/guia-estudiantes\/es\/wp-json\/wp\/v2\/users\/1"}],"replies":[{"embeddable":true,"href":"http:\/\/guia-practicum-dificultats-aprenentatge-test.recursos.uoc.edu\/guia-estudiantes\/es\/wp-json\/wp\/v2\/comments?post=83"}],"version-history":[{"count":1,"href":"http:\/\/guia-practicum-dificultats-aprenentatge-test.recursos.uoc.edu\/guia-estudiantes\/es\/wp-json\/wp\/v2\/pages\/83\/revisions"}],"predecessor-version":[{"id":84,"href":"http:\/\/guia-practicum-dificultats-aprenentatge-test.recursos.uoc.edu\/guia-estudiantes\/es\/wp-json\/wp\/v2\/pages\/83\/revisions\/84"}],"wp:attachment":[{"href":"http:\/\/guia-practicum-dificultats-aprenentatge-test.recursos.uoc.edu\/guia-estudiantes\/es\/wp-json\/wp\/v2\/media?parent=83"}],"curies":[{"name":"wp","href":"https:\/\/api.w.org\/{rel}","templated":true}]}}