{"id":59,"date":"2021-03-18T11:41:52","date_gmt":"2021-03-18T09:41:52","guid":{"rendered":"http:\/\/guia-practicum-dificultats-aprenentatge-test.recursos.uoc.edu\/guia-estudiantes\/?page_id=59"},"modified":"2021-03-30T09:34:22","modified_gmt":"2021-03-30T07:34:22","slug":"3-3-1-introduccion","status":"publish","type":"page","link":"http:\/\/guia-practicum-dificultats-aprenentatge-test.recursos.uoc.edu\/guia-estudiantes\/es\/3-3-1-introduccion\/","title":{"rendered":"3.3.1. Introducci\u00f3n"},"content":{"rendered":"<p>En el sistema universitario espa\u00f1ol las titulaciones de grado habilitan para el ejercicio profesional. En cambio, los m\u00e1steres universitarios ofrecen una formaci\u00f3n avanzada, de car\u00e1cter especializado o multidisciplinario, orientada a la especializaci\u00f3n acad\u00e9mica o profesional, o bien a promover la iniciaci\u00f3n en tareas investigadoras.<\/p>\n<p>Por lo tanto, el m\u00e1ster universitario de Dificultades del Aprendizaje y Trastornos del Lenguaje complementa, ampl\u00eda y especializa la formaci\u00f3n que el estudiante ha adquirido en su titulaci\u00f3n de grado. Es decir, el estudiante podr\u00e1 realizar en su ejercicio profesional aquellas funciones que son propias de su titulaci\u00f3n de grado.<\/p>\n<p>Por este motivo, es necesario que el tutor o la tutora del centro de pr\u00e1cticas posea la misma titulaci\u00f3n del estudiante del m\u00e1ster al que tutorizar\u00e1 o que, pese a no tener la misma titulaci\u00f3n, realice tareas que son propias de la titulaci\u00f3n. Esto implica que los lugares donde se puede llevar a cabo el Pr\u00e1cticum tengan como principal restricci\u00f3n el hecho de tener un tutor o tutora que cumpla estas caracter\u00edsticas. En la tabla 4\u00a0se exponen los principales lugares en los que se pueden realizar las pr\u00e1cticas del m\u00e1ster seg\u00fan la titulaci\u00f3n de grado de la que dispone el estudiante, as\u00ed como el perfil requerido del tutor o tutora.<\/p>\n<div class=\"tabletitle\"><p>Tabla 4. Vinculaci\u00f3n entre titulaci\u00f3n del estudiante, tipolog\u00eda de centro de Pr\u00e1cticum profesionalizador y titulaci\u00f3n del tutor de Pr\u00e1cticum<\/p>\n<\/div>\n<table width=\"586\">\n<tbody>\n<tr>\n<td width=\"189\"><strong>Titulaci\u00f3n del estudiante<\/strong><\/td>\n<td width=\"180\"><strong>Centro de Pr\u00e1cticum profesionalizador<\/strong><\/td>\n<td width=\"217\"><strong>Titulaci\u00f3n del tutor de Pr\u00e1cticum<\/strong><\/td>\n<\/tr>\n<tr>\n<td rowspan=\"2\" width=\"189\">Diplomatura\/licenciatura de Magisterio o grado\/bachelor de Maestro (de cualquier especialidad)<\/td>\n<td rowspan=\"2\" width=\"180\">Centros educativos ordinarios Centros de educaci\u00f3n especial (p\u00fablicos o privados)<\/td>\n<td width=\"217\">Maestro de Educaci\u00f3n Especial, especialista en Pedagog\u00eda Terap\u00e9utica<\/td>\n<\/tr>\n<tr>\n<td width=\"217\">Maestro de Educaci\u00f3n Especial, especialista en Audici\u00f3n y Lenguaje<\/td>\n<\/tr>\n<tr>\n<td rowspan=\"2\" width=\"189\">Diplomatura\/licenciatura de Magisterio o grado\/bachelor de Maestro (de cualquier especialidad)<\/p>\n<p>&nbsp;<\/td>\n<td rowspan=\"2\" width=\"180\">&nbsp;<\/p>\n<p>Servicios educativos<\/td>\n<td width=\"217\">Maestro de Educaci\u00f3n Especial, especialista en Pedagog\u00eda Terap\u00e9utica<\/td>\n<\/tr>\n<tr>\n<td width=\"217\">Maestro de Educaci\u00f3n Especial, especialista en Audici\u00f3n y Lenguaje<\/td>\n<\/tr>\n<tr>\n<td width=\"189\">Licenciatura, grado o bachelor en Psicopedagog\u00eda, licenciatura, grado o bachelor en Psicolog\u00eda, licenciatura, grado o bachelor en Pedagog\u00eda<\/td>\n<td width=\"180\">Centros educativos ordinarios Centros de educaci\u00f3n especial (p\u00fablicos o privados)<\/p>\n<p>Servicios educativos<\/td>\n<td width=\"217\">Psicopedagogo, psic\u00f3logo o pedagogo<\/td>\n<\/tr>\n<tr>\n<td width=\"189\">Diplomatura, licenciatura, grado o bachelor en Logopedia<\/td>\n<td width=\"180\">Servicios educativos<\/td>\n<td width=\"217\">Logopeda, especialista en Audici\u00f3n y Lenguaje<\/td>\n<\/tr>\n<tr>\n<td width=\"189\">Licenciatura, grado o bachelor en Psicopedagog\u00eda<\/td>\n<td rowspan=\"4\" width=\"180\">Instituciones de atenci\u00f3n a personas con dificultades del aprendizaje y\/o trastornos del lenguaje (gabinetes p\u00fablicos o privados, cl\u00ednicas, hospitales, etc.)<\/td>\n<td width=\"217\">Psicopedagogo<\/td>\n<\/tr>\n<tr>\n<td width=\"189\">Licenciatura, grado o bachelor en Psicolog\u00eda<\/td>\n<td width=\"217\">Psic\u00f3logo<\/td>\n<\/tr>\n<tr>\n<td width=\"189\">Licenciatura, grado o bachelor en Pedagog\u00eda<\/td>\n<td width=\"217\">Pedagogo<\/td>\n<\/tr>\n<tr>\n<td width=\"189\">Diplomatura, licenciatura, grado o bachelor en Logopedia<\/td>\n<td width=\"217\">Logopeda<\/td>\n<\/tr>\n<tr>\n<td width=\"189\">Diplomatura, licenciatura, grado o bachelor en Educaci\u00f3n Social<\/td>\n<td width=\"180\">Centros de educaci\u00f3n especial, unidades de escolarizaci\u00f3n compartida, hospitales, hospitales de d\u00eda, centros sociosanitarios ocupacionales, servicios de atenci\u00f3n a la infancia en riesgo, servicios para la promoci\u00f3n de la autonom\u00eda personal y atenci\u00f3n a la dependencia, etc.<\/td>\n<td width=\"217\">Educador social<\/td>\n<\/tr>\n<\/tbody>\n<\/table>\n<p>En el caso de Catalu\u00f1a, la UOC tiene un convenio marco con el Departamento de Educaci\u00f3n para que los estudiantes del m\u00e1ster puedan realizar el Pr\u00e1cticum en los centros de infantil, primaria y secundaria y en los servicios educativos de titularidad p\u00fablica de este departamento. Por tanto, no hay que firmar ning\u00fan convenio de pr\u00e1cticas, dado que ya disponemos del convenio marco.<\/p>\n<p>Cabe destacar que las plazas para los servicios educativos son limitadas, puesto que se distribuyen y se adjudican entre todas las universidades de Catalu\u00f1a. Esto significa que la disponibilidad de estos centros siempre depender\u00e1 de la oferta que se haga desde el Departamento.<\/p>\n","protected":false},"excerpt":{"rendered":"<p>En el sistema universitario espa\u00f1ol las titulaciones de grado habilitan para el ejercicio profesional. En cambio, los m\u00e1steres universitarios ofrecen una formaci\u00f3n avanzada, de car\u00e1cter especializado o multidisciplinario, orientada a la especializaci\u00f3n acad\u00e9mica o profesional, o bien a promover la iniciaci\u00f3n en tareas investigadoras. Por lo tanto, el m\u00e1ster universitario de Dificultades del Aprendizaje y [&hellip;]<\/p>\n","protected":false},"author":1,"featured_media":0,"parent":0,"menu_order":0,"comment_status":"closed","ping_status":"closed","template":"","meta":[],"_links":{"self":[{"href":"http:\/\/guia-practicum-dificultats-aprenentatge-test.recursos.uoc.edu\/guia-estudiantes\/es\/wp-json\/wp\/v2\/pages\/59"}],"collection":[{"href":"http:\/\/guia-practicum-dificultats-aprenentatge-test.recursos.uoc.edu\/guia-estudiantes\/es\/wp-json\/wp\/v2\/pages"}],"about":[{"href":"http:\/\/guia-practicum-dificultats-aprenentatge-test.recursos.uoc.edu\/guia-estudiantes\/es\/wp-json\/wp\/v2\/types\/page"}],"author":[{"embeddable":true,"href":"http:\/\/guia-practicum-dificultats-aprenentatge-test.recursos.uoc.edu\/guia-estudiantes\/es\/wp-json\/wp\/v2\/users\/1"}],"replies":[{"embeddable":true,"href":"http:\/\/guia-practicum-dificultats-aprenentatge-test.recursos.uoc.edu\/guia-estudiantes\/es\/wp-json\/wp\/v2\/comments?post=59"}],"version-history":[{"count":3,"href":"http:\/\/guia-practicum-dificultats-aprenentatge-test.recursos.uoc.edu\/guia-estudiantes\/es\/wp-json\/wp\/v2\/pages\/59\/revisions"}],"predecessor-version":[{"id":219,"href":"http:\/\/guia-practicum-dificultats-aprenentatge-test.recursos.uoc.edu\/guia-estudiantes\/es\/wp-json\/wp\/v2\/pages\/59\/revisions\/219"}],"wp:attachment":[{"href":"http:\/\/guia-practicum-dificultats-aprenentatge-test.recursos.uoc.edu\/guia-estudiantes\/es\/wp-json\/wp\/v2\/media?parent=59"}],"curies":[{"name":"wp","href":"https:\/\/api.w.org\/{rel}","templated":true}]}}